{"id":220,"date":"2021-04-13T12:34:47","date_gmt":"2021-04-13T10:34:47","guid":{"rendered":"http:\/\/maelledemange.fr\/?page_id=220"},"modified":"2021-07-02T18:17:40","modified_gmt":"2021-07-02T16:17:40","slug":"campagne-publicitaire-summer-soldes","status":"publish","type":"page","link":"https:\/\/maelledemange.fr\/?page_id=220","title":{"rendered":"Campagne Publicitaire Summer Soldes"},"content":{"rendered":"\t\t<div data-elementor-type=\"wp-page\" data-elementor-id=\"220\" class=\"elementor elementor-220\" data-elementor-settings=\"[]\">\n\t\t\t\t\t\t<div class=\"elementor-inner\">\n\t\t\t\t\t\t\t<div class=\"elementor-section-wrap\">\n\t\t\t\t\t\t\t<section class=\"has_eae_slider elementor-section elementor-top-section elementor-element elementor-element-6755cb64 elementor-section-content-middle elementor-reverse-mobile elementor-section-boxed elementor-section-height-default elementor-section-height-default\" data-id=\"6755cb64\" data-element_type=\"section\">\n\t\t\t\t\t\t<div class=\"elementor-container elementor-column-gap-no\">\n\t\t\t\t\t\t\t<div class=\"elementor-row\">\n\t\t\t\t\t<div class=\"has_eae_slider elementor-column elementor-col-50 elementor-top-column elementor-element elementor-element-685f1a3c\" data-id=\"685f1a3c\" data-element_type=\"column\">\n\t\t\t<div class=\"elementor-column-wrap elementor-element-populated\">\n\t\t\t\t\t\t\t<div class=\"elementor-widget-wrap\">\n\t\t\t\t\t\t<div class=\"elementor-element elementor-element-677869b1 elementor-widget elementor-widget-heading\" data-id=\"677869b1\" data-element_type=\"widget\" data-widget_type=\"heading.default\">\n\t\t\t\t<div class=\"elementor-widget-container\">\n\t\t\t<h4 class=\"elementor-heading-title elementor-size-default\">CAMPAGNE \nSUMMER \nSOLDES\n<\/h4>\t\t<\/div>\n\t\t\t\t<\/div>\n\t\t\t\t<div class=\"elementor-element elementor-element-19588fe5 elementor-widget elementor-widget-text-editor\" data-id=\"19588fe5\" data-element_type=\"widget\" data-widget_type=\"text-editor.default\">\n\t\t\t\t<div class=\"elementor-widget-container\">\n\t\t\t\t\t\t\t\t<div class=\"elementor-text-editor elementor-clearfix\">\n\t\t\t\t\t<p><strong>Client : Centre Commercial\u00a0PARC ST PAUL\u200b<\/strong><br \/><em>Key visual &#8211; Campagne digitale &#8211; R\u00e9seaux sociaux &#8211; supports print &amp; digitaux\u00a0<\/em><\/p><p>C&rsquo;est enfin les SOLDES d&rsquo;\u00e9t\u00e9 au Parc !\u00a0<br \/>Cr\u00e9ation d&rsquo;un visuel publicitaire et relai sur diff\u00e9rents supports de communication digitaux.\u00a0<\/p>\t\t\t\t\t<\/div>\n\t\t\t\t\t\t<\/div>\n\t\t\t\t<\/div>\n\t\t\t\t\t\t<\/div>\n\t\t\t\t\t<\/div>\n\t\t<\/div>\n\t\t\t\t<div class=\"has_eae_slider elementor-column elementor-col-50 elementor-top-column elementor-element elementor-element-520019cc\" data-id=\"520019cc\" data-element_type=\"column\">\n\t\t\t<div class=\"elementor-column-wrap elementor-element-populated\">\n\t\t\t\t\t\t\t<div class=\"elementor-widget-wrap\">\n\t\t\t\t\t\t<div class=\"elementor-element elementor-element-7c9b6aa1 elementor-widget elementor-widget-image\" data-id=\"7c9b6aa1\" data-element_type=\"widget\" data-widget_type=\"image.default\">\n\t\t\t\t<div class=\"elementor-widget-container\">\n\t\t\t\t\t\t\t\t<div class=\"elementor-image\">\n\t\t\t\t\t\t\t\t\t\t\t\t<img width=\"3200\" height=\"2600\" src=\"https:\/\/maelledemange.fr\/wp-content\/uploads\/2021\/04\/summer-SOLDES-PSP.jpg\" class=\"attachment-full size-full\" alt=\"\" decoding=\"async\" loading=\"lazy\" srcset=\"https:\/\/maelledemange.fr\/wp-content\/uploads\/2021\/04\/summer-SOLDES-PSP.jpg 3200w, https:\/\/maelledemange.fr\/wp-content\/uploads\/2021\/04\/summer-SOLDES-PSP-300x244.jpg 300w, https:\/\/maelledemange.fr\/wp-content\/uploads\/2021\/04\/summer-SOLDES-PSP-768x624.jpg 768w, https:\/\/maelledemange.fr\/wp-content\/uploads\/2021\/04\/summer-SOLDES-PSP-1024x832.jpg 1024w\" sizes=\"(max-width: 3200px) 100vw, 3200px\" \/>\t\t\t\t\t\t\t\t\t\t\t\t\t\t<\/div>\n\t\t\t\t\t\t<\/div>\n\t\t\t\t<\/div>\n\t\t\t\t\t\t<\/div>\n\t\t\t\t\t<\/div>\n\t\t<\/div>\n\t\t\t\t\t\t\t\t<\/div>\n\t\t\t\t\t<\/div>\n\t\t<\/section>\n\t\t\t\t<section class=\"has_eae_slider elementor-section elementor-top-section elementor-element elementor-element-74638ee9 elementor-section-content-middle elementor-section-boxed elementor-section-height-default elementor-section-height-default\" data-id=\"74638ee9\" data-element_type=\"section\">\n\t\t\t\t\t\t<div class=\"elementor-container elementor-column-gap-no\">\n\t\t\t\t\t\t\t<div class=\"elementor-row\">\n\t\t\t\t\t<div class=\"has_eae_slider elementor-column elementor-col-33 elementor-top-column elementor-element elementor-element-3c8839f6\" data-id=\"3c8839f6\" data-element_type=\"column\">\n\t\t\t<div class=\"elementor-column-wrap elementor-element-populated\">\n\t\t\t\t\t\t\t<div class=\"elementor-widget-wrap\">\n\t\t\t\t\t\t<div class=\"elementor-element elementor-element-308c31f7 elementor-widget elementor-widget-image\" data-id=\"308c31f7\" data-element_type=\"widget\" data-widget_type=\"image.default\">\n\t\t\t\t<div class=\"elementor-widget-container\">\n\t\t\t\t\t\t\t\t<div class=\"elementor-image\">\n\t\t\t\t\t\t\t\t\t\t\t\t<img width=\"832\" height=\"1024\" src=\"https:\/\/maelledemange.fr\/wp-content\/uploads\/2021\/04\/mes-story-mobile-Summer-soldes-PSP-832x1024.jpg\" class=\"elementor-animation-grow attachment-large size-large\" alt=\"\" decoding=\"async\" loading=\"lazy\" srcset=\"https:\/\/maelledemange.fr\/wp-content\/uploads\/2021\/04\/mes-story-mobile-Summer-soldes-PSP-832x1024.jpg 832w, https:\/\/maelledemange.fr\/wp-content\/uploads\/2021\/04\/mes-story-mobile-Summer-soldes-PSP-244x300.jpg 244w, https:\/\/maelledemange.fr\/wp-content\/uploads\/2021\/04\/mes-story-mobile-Summer-soldes-PSP-768x945.jpg 768w\" sizes=\"(max-width: 832px) 100vw, 832px\" \/>\t\t\t\t\t\t\t\t\t\t\t\t\t\t<\/div>\n\t\t\t\t\t\t<\/div>\n\t\t\t\t<\/div>\n\t\t\t\t\t\t<\/div>\n\t\t\t\t\t<\/div>\n\t\t<\/div>\n\t\t\t\t<div class=\"has_eae_slider elementor-column elementor-col-33 elementor-top-column elementor-element elementor-element-7a98b44f\" data-id=\"7a98b44f\" data-element_type=\"column\">\n\t\t\t<div class=\"elementor-column-wrap elementor-element-populated\">\n\t\t\t\t\t\t\t<div class=\"elementor-widget-wrap\">\n\t\t\t\t\t\t<div class=\"elementor-element elementor-element-60528f63 elementor-widget elementor-widget-image\" data-id=\"60528f63\" data-element_type=\"widget\" data-widget_type=\"image.default\">\n\t\t\t\t<div class=\"elementor-widget-container\">\n\t\t\t\t\t\t\t\t<div class=\"elementor-image\">\n\t\t\t\t\t\t\t\t\t\t\t\t<img width=\"800\" height=\"600\" src=\"https:\/\/maelledemange.fr\/wp-content\/uploads\/2021\/04\/bache-communication-summer-soldes-Parc-St-Paul.jpg\" class=\"elementor-animation-grow attachment-large size-large\" alt=\"\" decoding=\"async\" loading=\"lazy\" srcset=\"https:\/\/maelledemange.fr\/wp-content\/uploads\/2021\/04\/bache-communication-summer-soldes-Parc-St-Paul.jpg 800w, https:\/\/maelledemange.fr\/wp-content\/uploads\/2021\/04\/bache-communication-summer-soldes-Parc-St-Paul-300x225.jpg 300w, https:\/\/maelledemange.fr\/wp-content\/uploads\/2021\/04\/bache-communication-summer-soldes-Parc-St-Paul-768x576.jpg 768w\" sizes=\"(max-width: 800px) 100vw, 800px\" \/>\t\t\t\t\t\t\t\t\t\t\t\t\t\t<\/div>\n\t\t\t\t\t\t<\/div>\n\t\t\t\t<\/div>\n\t\t\t\t<div class=\"elementor-element elementor-element-110a36fb elementor-widget elementor-widget-text-editor\" data-id=\"110a36fb\" data-element_type=\"widget\" data-widget_type=\"text-editor.default\">\n\t\t\t\t<div class=\"elementor-widget-container\">\n\t\t\t\t\t\t\t\t<div class=\"elementor-text-editor elementor-clearfix\">\n\t\t\t\t\t<p>Suite \u00e0 des mois difficiles et restrictifs<span class=\"Apple-converted-space\">\u00a0<\/span>il est enfin temps de se faire plaisir \u00e0 l\u2019occasion de l\u2019\u00e9t\u00e9. \u00c0 d\u00e9faut de partir loin,<span class=\"Apple-converted-space\">\u00a0<\/span>on am\u00e9nage le jardin avec un peu de d\u00e9co et un beau barbecue et on se pr\u00e9papare<span class=\"Apple-converted-space\">\u00a0<\/span>un look styl\u00e9 pour bronzer, bref on peut<span class=\"Apple-converted-space\">\u00a0<\/span>enfin lib\u00e9rer nos envies dans la joie<span class=\"Apple-converted-space\">\u00a0<\/span>et la bonne humeur.<span class=\"Apple-converted-space\">\u00a0<\/span><\/p>\t\t\t\t\t<\/div>\n\t\t\t\t\t\t<\/div>\n\t\t\t\t<\/div>\n\t\t\t\t\t\t<\/div>\n\t\t\t\t\t<\/div>\n\t\t<\/div>\n\t\t\t\t<div class=\"has_eae_slider elementor-column elementor-col-33 elementor-top-column elementor-element elementor-element-2458d9d0\" data-id=\"2458d9d0\" data-element_type=\"column\">\n\t\t\t<div class=\"elementor-column-wrap elementor-element-populated\">\n\t\t\t\t\t\t\t<div class=\"elementor-widget-wrap\">\n\t\t\t\t\t\t<div class=\"elementor-element elementor-element-ae9bde2 elementor-widget elementor-widget-image\" data-id=\"ae9bde2\" data-element_type=\"widget\" data-widget_type=\"image.default\">\n\t\t\t\t<div class=\"elementor-widget-container\">\n\t\t\t\t\t\t\t\t<div class=\"elementor-image\">\n\t\t\t\t\t\t\t\t\t\t\t\t<img width=\"1500\" height=\"1052\" src=\"https:\/\/maelledemange.fr\/wp-content\/uploads\/2021\/04\/Summer-SOLDES-Parc-St-Paul-banniere-web-publicitaire.png\" class=\"elementor-animation-grow attachment-full size-full\" alt=\"\" decoding=\"async\" loading=\"lazy\" srcset=\"https:\/\/maelledemange.fr\/wp-content\/uploads\/2021\/04\/Summer-SOLDES-Parc-St-Paul-banniere-web-publicitaire.png 1500w, https:\/\/maelledemange.fr\/wp-content\/uploads\/2021\/04\/Summer-SOLDES-Parc-St-Paul-banniere-web-publicitaire-300x210.png 300w, https:\/\/maelledemange.fr\/wp-content\/uploads\/2021\/04\/Summer-SOLDES-Parc-St-Paul-banniere-web-publicitaire-768x539.png 768w, https:\/\/maelledemange.fr\/wp-content\/uploads\/2021\/04\/Summer-SOLDES-Parc-St-Paul-banniere-web-publicitaire-1024x718.png 1024w\" sizes=\"(max-width: 1500px) 100vw, 1500px\" \/>\t\t\t\t\t\t\t\t\t\t\t\t\t\t<\/div>\n\t\t\t\t\t\t<\/div>\n\t\t\t\t<\/div>\n\t\t\t\t\t\t<\/div>\n\t\t\t\t\t<\/div>\n\t\t<\/div>\n\t\t\t\t\t\t\t\t<\/div>\n\t\t\t\t\t<\/div>\n\t\t<\/section>\n\t\t\t\t<section class=\"has_eae_slider elementor-section elementor-top-section elementor-element elementor-element-a9d6d34 elementor-section-boxed elementor-section-height-default elementor-section-height-default\" data-id=\"a9d6d34\" data-element_type=\"section\">\n\t\t\t\t\t\t<div class=\"elementor-container elementor-column-gap-default\">\n\t\t\t\t\t\t\t<div class=\"elementor-row\">\n\t\t\t\t\t<div class=\"has_eae_slider elementor-column elementor-col-100 elementor-top-column elementor-element elementor-element-1dc41a8\" data-id=\"1dc41a8\" data-element_type=\"column\">\n\t\t\t<div class=\"elementor-column-wrap elementor-element-populated\">\n\t\t\t\t\t\t\t<div class=\"elementor-widget-wrap\">\n\t\t\t\t\t\t<div class=\"elementor-element elementor-element-e60bce3 elementor-align-center elementor-widget elementor-widget-button\" data-id=\"e60bce3\" data-element_type=\"widget\" data-widget_type=\"button.default\">\n\t\t\t\t<div class=\"elementor-widget-container\">\n\t\t\t\t\t<div class=\"elementor-button-wrapper\">\n\t\t\t<a href=\"http:\/\/maelledemange.fr\/?page_id=27\" class=\"elementor-button-link elementor-button elementor-size-sm\" role=\"button\">\n\t\t\t\t\t\t<span class=\"elementor-button-content-wrapper\">\n\t\t\t\t\t\t<span class=\"elementor-button-text\">Retour aux Projets<\/span>\n\t\t<\/span>\n\t\t\t\t\t<\/a>\n\t\t<\/div>\n\t\t\t\t<\/div>\n\t\t\t\t<\/div>\n\t\t\t\t\t\t<\/div>\n\t\t\t\t\t<\/div>\n\t\t<\/div>\n\t\t\t\t\t\t\t\t<\/div>\n\t\t\t\t\t<\/div>\n\t\t<\/section>\n\t\t\t\t\t\t<\/div>\n\t\t\t\t\t\t<\/div>\n\t\t\t\t\t<\/div>\n\t\t","protected":false},"excerpt":{"rendered":"<p>CAMPAGNE SUMMER SOLDES Client : Centre Commercial\u00a0PARC ST PAUL\u200bKey visual &#8211; Campagne digitale &#8211; R\u00e9seaux sociaux &#8211; supports print &amp; digitaux\u00a0 C&rsquo;est enfin les SOLDES d&rsquo;\u00e9t\u00e9 au Parc !\u00a0Cr\u00e9ation d&rsquo;un visuel publicitaire et relai sur diff\u00e9rents supports de communication digitaux.\u00a0 Suite \u00e0 des mois difficiles et restrictifs\u00a0il est enfin temps de se faire plaisir \u00e0 [&hellip;]<\/p>\n","protected":false},"author":1,"featured_media":171,"parent":0,"menu_order":0,"comment_status":"closed","ping_status":"closed","template":"","meta":[],"_links":{"self":[{"href":"https:\/\/maelledemange.fr\/index.php?rest_route=\/wp\/v2\/pages\/220"}],"collection":[{"href":"https:\/\/maelledemange.fr\/index.php?rest_route=\/wp\/v2\/pages"}],"about":[{"href":"https:\/\/maelledemange.fr\/index.php?rest_route=\/wp\/v2\/types\/page"}],"author":[{"embeddable":true,"href":"https:\/\/maelledemange.fr\/index.php?rest_route=\/wp\/v2\/users\/1"}],"replies":[{"embeddable":true,"href":"https:\/\/maelledemange.fr\/index.php?rest_route=%2Fwp%2Fv2%2Fcomments&post=220"}],"version-history":[{"count":10,"href":"https:\/\/maelledemange.fr\/index.php?rest_route=\/wp\/v2\/pages\/220\/revisions"}],"predecessor-version":[{"id":569,"href":"https:\/\/maelledemange.fr\/index.php?rest_route=\/wp\/v2\/pages\/220\/revisions\/569"}],"wp:featuredmedia":[{"embeddable":true,"href":"https:\/\/maelledemange.fr\/index.php?rest_route=\/wp\/v2\/media\/171"}],"wp:attachment":[{"href":"https:\/\/maelledemange.fr\/index.php?rest_route=%2Fwp%2Fv2%2Fmedia&parent=220"}],"curies":[{"name":"wp","href":"https:\/\/api.w.org\/{rel}","templated":true}]}}