{"id":287,"date":"2021-04-14T16:52:54","date_gmt":"2021-04-14T14:52:54","guid":{"rendered":"http:\/\/maelledemange.fr\/?page_id=287"},"modified":"2021-07-02T18:23:48","modified_gmt":"2021-07-02T16:23:48","slug":"elementor-287","status":"publish","type":"page","link":"https:\/\/maelledemange.fr\/?page_id=287","title":{"rendered":"R\u00e9ouverture Parc st Paul"},"content":{"rendered":"\t\t<div data-elementor-type=\"wp-page\" data-elementor-id=\"287\" class=\"elementor elementor-287\" data-elementor-settings=\"[]\">\n\t\t\t\t\t\t<div class=\"elementor-inner\">\n\t\t\t\t\t\t\t<div class=\"elementor-section-wrap\">\n\t\t\t\t\t\t\t<section class=\"has_eae_slider elementor-section elementor-top-section elementor-element elementor-element-60281e9e elementor-section-content-middle elementor-reverse-mobile elementor-section-boxed elementor-section-height-default elementor-section-height-default\" data-id=\"60281e9e\" data-element_type=\"section\">\n\t\t\t\t\t\t<div class=\"elementor-container elementor-column-gap-no\">\n\t\t\t\t\t\t\t<div class=\"elementor-row\">\n\t\t\t\t\t<div class=\"has_eae_slider elementor-column elementor-col-50 elementor-top-column elementor-element elementor-element-32db7aa7\" data-id=\"32db7aa7\" data-element_type=\"column\">\n\t\t\t<div class=\"elementor-column-wrap elementor-element-populated\">\n\t\t\t\t\t\t\t<div class=\"elementor-widget-wrap\">\n\t\t\t\t\t\t<div class=\"elementor-element elementor-element-4894f623 elementor-widget elementor-widget-heading\" data-id=\"4894f623\" data-element_type=\"widget\" data-widget_type=\"heading.default\">\n\t\t\t\t<div class=\"elementor-widget-container\">\n\t\t\t<h4 class=\"elementor-heading-title elementor-size-default\">CAMPAGNE \nR\u00c9OUVERTURE\n<\/h4>\t\t<\/div>\n\t\t\t\t<\/div>\n\t\t\t\t<div class=\"elementor-element elementor-element-61793ab1 elementor-widget elementor-widget-text-editor\" data-id=\"61793ab1\" data-element_type=\"widget\" data-widget_type=\"text-editor.default\">\n\t\t\t\t<div class=\"elementor-widget-container\">\n\t\t\t\t\t\t\t\t<div class=\"elementor-text-editor elementor-clearfix\">\n\t\t\t\t\t<p><strong>Client : Centre Commercial\u00a0PARC ST PAUL\u200b<\/strong><\/p><p><em>#Notori\u00e9t\u00e9\u00a0<\/em><em>#CampagnePublicitaire\u00a0<\/em><em>#CommunicationR\u00e9seauxSociaux \u00a0<\/em><em>#CommuniqueretRassurer\u00a0<\/em><em>#Print #Digital<\/em><\/p><p>Campagne multi-canal<span class=\"Apple-converted-space\">\u00a0<\/span>pour la r\u00e9ouverture partielle<span class=\"Apple-converted-space\">\u00a0<\/span>du centre commercial.\u00a0Proposition de tout une communication publicitaire et un package<span class=\"Apple-converted-space\">\u00a0<\/span>de signal\u00e9tiques s\u00e9curisantes dans un contexte anxiog\u00e8ne o\u00f9 le client \u00e0 besoin de se sentir rassur\u00e9.\u00a0<\/p>\t\t\t\t\t<\/div>\n\t\t\t\t\t\t<\/div>\n\t\t\t\t<\/div>\n\t\t\t\t\t\t<\/div>\n\t\t\t\t\t<\/div>\n\t\t<\/div>\n\t\t\t\t<div class=\"has_eae_slider elementor-column elementor-col-50 elementor-top-column elementor-element elementor-element-bd28465\" data-id=\"bd28465\" data-element_type=\"column\">\n\t\t\t<div class=\"elementor-column-wrap elementor-element-populated\">\n\t\t\t\t\t\t\t<div class=\"elementor-widget-wrap\">\n\t\t\t\t\t\t<div class=\"elementor-element elementor-element-70dbeb9a elementor-widget elementor-widget-image\" data-id=\"70dbeb9a\" data-element_type=\"widget\" data-widget_type=\"image.default\">\n\t\t\t\t<div class=\"elementor-widget-container\">\n\t\t\t\t\t\t\t\t<div class=\"elementor-image\">\n\t\t\t\t\t\t\t\t\t\t\t\t<img width=\"2300\" height=\"2200\" src=\"https:\/\/maelledemange.fr\/wp-content\/uploads\/2021\/04\/MES-affiches-reouverture-PSP.jpg\" class=\"attachment-full size-full\" alt=\"\" decoding=\"async\" loading=\"lazy\" srcset=\"https:\/\/maelledemange.fr\/wp-content\/uploads\/2021\/04\/MES-affiches-reouverture-PSP.jpg 2300w, https:\/\/maelledemange.fr\/wp-content\/uploads\/2021\/04\/MES-affiches-reouverture-PSP-300x287.jpg 300w, https:\/\/maelledemange.fr\/wp-content\/uploads\/2021\/04\/MES-affiches-reouverture-PSP-768x735.jpg 768w, https:\/\/maelledemange.fr\/wp-content\/uploads\/2021\/04\/MES-affiches-reouverture-PSP-1024x979.jpg 1024w\" sizes=\"(max-width: 2300px) 100vw, 2300px\" \/>\t\t\t\t\t\t\t\t\t\t\t\t\t\t<\/div>\n\t\t\t\t\t\t<\/div>\n\t\t\t\t<\/div>\n\t\t\t\t\t\t<\/div>\n\t\t\t\t\t<\/div>\n\t\t<\/div>\n\t\t\t\t\t\t\t\t<\/div>\n\t\t\t\t\t<\/div>\n\t\t<\/section>\n\t\t\t\t<section class=\"has_eae_slider elementor-section elementor-top-section elementor-element elementor-element-2b280908 elementor-section-content-middle elementor-section-boxed elementor-section-height-default elementor-section-height-default\" data-id=\"2b280908\" data-element_type=\"section\">\n\t\t\t\t\t\t<div class=\"elementor-container elementor-column-gap-no\">\n\t\t\t\t\t\t\t<div class=\"elementor-row\">\n\t\t\t\t\t<div class=\"has_eae_slider elementor-column elementor-col-33 elementor-top-column elementor-element elementor-element-65ecddc0\" data-id=\"65ecddc0\" data-element_type=\"column\">\n\t\t\t<div class=\"elementor-column-wrap elementor-element-populated\">\n\t\t\t\t\t\t\t<div class=\"elementor-widget-wrap\">\n\t\t\t\t\t\t<div class=\"elementor-element elementor-element-4ab59c86 elementor-widget elementor-widget-image\" data-id=\"4ab59c86\" data-element_type=\"widget\" data-widget_type=\"image.default\">\n\t\t\t\t<div class=\"elementor-widget-container\">\n\t\t\t\t\t\t\t\t<div class=\"elementor-image\">\n\t\t\t\t\t\t\t\t\t\t\t\t<img width=\"1024\" height=\"1006\" src=\"https:\/\/maelledemange.fr\/wp-content\/uploads\/2021\/04\/mes-panneau-borne-borne-1024x1006.jpg\" class=\"elementor-animation-grow attachment-large size-large\" alt=\"\" decoding=\"async\" loading=\"lazy\" srcset=\"https:\/\/maelledemange.fr\/wp-content\/uploads\/2021\/04\/mes-panneau-borne-borne-1024x1006.jpg 1024w, https:\/\/maelledemange.fr\/wp-content\/uploads\/2021\/04\/mes-panneau-borne-borne-300x295.jpg 300w, https:\/\/maelledemange.fr\/wp-content\/uploads\/2021\/04\/mes-panneau-borne-borne-768x755.jpg 768w, https:\/\/maelledemange.fr\/wp-content\/uploads\/2021\/04\/mes-panneau-borne-borne.jpg 1400w\" sizes=\"(max-width: 1024px) 100vw, 1024px\" \/>\t\t\t\t\t\t\t\t\t\t\t\t\t\t<\/div>\n\t\t\t\t\t\t<\/div>\n\t\t\t\t<\/div>\n\t\t\t\t\t\t<\/div>\n\t\t\t\t\t<\/div>\n\t\t<\/div>\n\t\t\t\t<div class=\"has_eae_slider elementor-column elementor-col-33 elementor-top-column elementor-element elementor-element-12d5acc5\" data-id=\"12d5acc5\" data-element_type=\"column\">\n\t\t\t<div class=\"elementor-column-wrap elementor-element-populated\">\n\t\t\t\t\t\t\t<div class=\"elementor-widget-wrap\">\n\t\t\t\t\t\t<div class=\"elementor-element elementor-element-40119ff5 elementor-widget elementor-widget-image\" data-id=\"40119ff5\" data-element_type=\"widget\" data-widget_type=\"image.default\">\n\t\t\t\t<div class=\"elementor-widget-container\">\n\t\t\t\t\t\t\t\t<div class=\"elementor-image\">\n\t\t\t\t\t\t\t\t\t\t\t\t<img width=\"800\" height=\"600\" src=\"https:\/\/maelledemange.fr\/wp-content\/uploads\/2021\/04\/MES-bache-mockup-reouverture.jpg\" class=\"elementor-animation-grow attachment-large size-large\" alt=\"\" decoding=\"async\" loading=\"lazy\" srcset=\"https:\/\/maelledemange.fr\/wp-content\/uploads\/2021\/04\/MES-bache-mockup-reouverture.jpg 800w, https:\/\/maelledemange.fr\/wp-content\/uploads\/2021\/04\/MES-bache-mockup-reouverture-300x225.jpg 300w, https:\/\/maelledemange.fr\/wp-content\/uploads\/2021\/04\/MES-bache-mockup-reouverture-768x576.jpg 768w\" sizes=\"(max-width: 800px) 100vw, 800px\" \/>\t\t\t\t\t\t\t\t\t\t\t\t\t\t<\/div>\n\t\t\t\t\t\t<\/div>\n\t\t\t\t<\/div>\n\t\t\t\t<div class=\"elementor-element elementor-element-13e37a48 elementor-widget elementor-widget-text-editor\" data-id=\"13e37a48\" data-element_type=\"widget\" data-widget_type=\"text-editor.default\">\n\t\t\t\t<div class=\"elementor-widget-container\">\n\t\t\t\t\t\t\t\t<div class=\"elementor-text-editor elementor-clearfix\">\n\t\t\t\t\t<p>Relai sur diff\u00e9rents supports digitaux : site internet, r\u00e9seaux sociaux, banni\u00e8res web&#8230;<\/p>\t\t\t\t\t<\/div>\n\t\t\t\t\t\t<\/div>\n\t\t\t\t<\/div>\n\t\t\t\t\t\t<\/div>\n\t\t\t\t\t<\/div>\n\t\t<\/div>\n\t\t\t\t<div class=\"has_eae_slider elementor-column elementor-col-33 elementor-top-column elementor-element elementor-element-27f13816\" data-id=\"27f13816\" data-element_type=\"column\">\n\t\t\t<div class=\"elementor-column-wrap elementor-element-populated\">\n\t\t\t\t\t\t\t<div class=\"elementor-widget-wrap\">\n\t\t\t\t\t\t<div class=\"elementor-element elementor-element-3189d83c elementor-widget elementor-widget-image\" data-id=\"3189d83c\" data-element_type=\"widget\" data-widget_type=\"image.default\">\n\t\t\t\t<div class=\"elementor-widget-container\">\n\t\t\t\t\t\t\t\t<div class=\"elementor-image\">\n\t\t\t\t\t\t\t\t\t\t\t\t<img width=\"2000\" height=\"1350\" src=\"https:\/\/maelledemange.fr\/wp-content\/uploads\/2021\/04\/window-signage-resto.jpg\" class=\"elementor-animation-grow attachment-full size-full\" alt=\"\" decoding=\"async\" loading=\"lazy\" srcset=\"https:\/\/maelledemange.fr\/wp-content\/uploads\/2021\/04\/window-signage-resto.jpg 2000w, https:\/\/maelledemange.fr\/wp-content\/uploads\/2021\/04\/window-signage-resto-300x203.jpg 300w, https:\/\/maelledemange.fr\/wp-content\/uploads\/2021\/04\/window-signage-resto-1024x691.jpg 1024w, https:\/\/maelledemange.fr\/wp-content\/uploads\/2021\/04\/window-signage-resto-768x518.jpg 768w, https:\/\/maelledemange.fr\/wp-content\/uploads\/2021\/04\/window-signage-resto-1536x1037.jpg 1536w\" sizes=\"(max-width: 2000px) 100vw, 2000px\" \/>\t\t\t\t\t\t\t\t\t\t\t\t\t\t<\/div>\n\t\t\t\t\t\t<\/div>\n\t\t\t\t<\/div>\n\t\t\t\t\t\t<\/div>\n\t\t\t\t\t<\/div>\n\t\t<\/div>\n\t\t\t\t\t\t\t\t<\/div>\n\t\t\t\t\t<\/div>\n\t\t<\/section>\n\t\t\t\t<section class=\"has_eae_slider elementor-section elementor-top-section elementor-element elementor-element-238ccfa elementor-section-content-middle elementor-section-boxed elementor-section-height-default elementor-section-height-default\" data-id=\"238ccfa\" data-element_type=\"section\">\n\t\t\t\t\t\t<div class=\"elementor-container elementor-column-gap-no\">\n\t\t\t\t\t\t\t<div class=\"elementor-row\">\n\t\t\t\t\t<div class=\"has_eae_slider elementor-column elementor-col-33 elementor-top-column elementor-element elementor-element-8fbe1b4\" data-id=\"8fbe1b4\" data-element_type=\"column\">\n\t\t\t<div class=\"elementor-column-wrap elementor-element-populated\">\n\t\t\t\t\t\t\t<div class=\"elementor-widget-wrap\">\n\t\t\t\t\t\t<div class=\"elementor-element elementor-element-c594908 elementor-widget elementor-widget-image\" data-id=\"c594908\" data-element_type=\"widget\" data-widget_type=\"image.default\">\n\t\t\t\t<div class=\"elementor-widget-container\">\n\t\t\t\t\t\t\t\t<div class=\"elementor-image\">\n\t\t\t\t\t\t\t\t\t\t\t\t<img width=\"1000\" height=\"1000\" src=\"https:\/\/maelledemange.fr\/wp-content\/uploads\/2021\/04\/clickcollect.jpg\" class=\"elementor-animation-grow attachment-large size-large\" alt=\"\" decoding=\"async\" loading=\"lazy\" srcset=\"https:\/\/maelledemange.fr\/wp-content\/uploads\/2021\/04\/clickcollect.jpg 1000w, https:\/\/maelledemange.fr\/wp-content\/uploads\/2021\/04\/clickcollect-300x300.jpg 300w, https:\/\/maelledemange.fr\/wp-content\/uploads\/2021\/04\/clickcollect-150x150.jpg 150w, https:\/\/maelledemange.fr\/wp-content\/uploads\/2021\/04\/clickcollect-768x768.jpg 768w\" sizes=\"(max-width: 1000px) 100vw, 1000px\" \/>\t\t\t\t\t\t\t\t\t\t\t\t\t\t<\/div>\n\t\t\t\t\t\t<\/div>\n\t\t\t\t<\/div>\n\t\t\t\t<div class=\"elementor-element elementor-element-a3b64ab elementor-widget elementor-widget-image\" data-id=\"a3b64ab\" data-element_type=\"widget\" data-widget_type=\"image.default\">\n\t\t\t\t<div class=\"elementor-widget-container\">\n\t\t\t\t\t\t\t\t<div class=\"elementor-image\">\n\t\t\t\t\t\t\t\t\t\t\t\t<img width=\"1024\" height=\"682\" src=\"https:\/\/maelledemange.fr\/wp-content\/uploads\/2021\/04\/MES-sticker-vitrine-1024x682.jpg\" class=\"elementor-animation-grow attachment-large size-large\" alt=\"\" decoding=\"async\" loading=\"lazy\" srcset=\"https:\/\/maelledemange.fr\/wp-content\/uploads\/2021\/04\/MES-sticker-vitrine-1024x682.jpg 1024w, https:\/\/maelledemange.fr\/wp-content\/uploads\/2021\/04\/MES-sticker-vitrine-300x200.jpg 300w, https:\/\/maelledemange.fr\/wp-content\/uploads\/2021\/04\/MES-sticker-vitrine-768x512.jpg 768w, https:\/\/maelledemange.fr\/wp-content\/uploads\/2021\/04\/MES-sticker-vitrine-1536x1023.jpg 1536w, https:\/\/maelledemange.fr\/wp-content\/uploads\/2021\/04\/MES-sticker-vitrine-2048x1364.jpg 2048w\" sizes=\"(max-width: 1024px) 100vw, 1024px\" \/>\t\t\t\t\t\t\t\t\t\t\t\t\t\t<\/div>\n\t\t\t\t\t\t<\/div>\n\t\t\t\t<\/div>\n\t\t\t\t\t\t<\/div>\n\t\t\t\t\t<\/div>\n\t\t<\/div>\n\t\t\t\t<div class=\"has_eae_slider elementor-column elementor-col-33 elementor-top-column elementor-element elementor-element-f79c6a3\" data-id=\"f79c6a3\" data-element_type=\"column\">\n\t\t\t<div class=\"elementor-column-wrap elementor-element-populated\">\n\t\t\t\t\t\t\t<div class=\"elementor-widget-wrap\">\n\t\t\t\t\t\t<div class=\"elementor-element elementor-element-4ef69f7 elementor-widget elementor-widget-image\" data-id=\"4ef69f7\" data-element_type=\"widget\" data-widget_type=\"image.default\">\n\t\t\t\t<div class=\"elementor-widget-container\">\n\t\t\t\t\t\t\t\t<div class=\"elementor-image\">\n\t\t\t\t\t\t\t\t\t\t\t\t<img width=\"1080\" height=\"1920\" src=\"https:\/\/maelledemange.fr\/wp-content\/uploads\/2021\/04\/Story-clickcollect.gif\" class=\"elementor-animation-grow attachment-full size-full\" alt=\"\" decoding=\"async\" loading=\"lazy\" \/>\t\t\t\t\t\t\t\t\t\t\t\t\t\t<\/div>\n\t\t\t\t\t\t<\/div>\n\t\t\t\t<\/div>\n\t\t\t\t\t\t<\/div>\n\t\t\t\t\t<\/div>\n\t\t<\/div>\n\t\t\t\t<div class=\"has_eae_slider elementor-column elementor-col-33 elementor-top-column elementor-element elementor-element-073d906\" data-id=\"073d906\" data-element_type=\"column\">\n\t\t\t<div class=\"elementor-column-wrap elementor-element-populated\">\n\t\t\t\t\t\t\t<div class=\"elementor-widget-wrap\">\n\t\t\t\t\t\t<div class=\"elementor-element elementor-element-1d40037 elementor-widget elementor-widget-image\" data-id=\"1d40037\" data-element_type=\"widget\" data-widget_type=\"image.default\">\n\t\t\t\t<div class=\"elementor-widget-container\">\n\t\t\t\t\t\t\t\t<div class=\"elementor-image\">\n\t\t\t\t\t\t\t\t\t\t\t\t<img width=\"1024\" height=\"576\" src=\"https:\/\/maelledemange.fr\/wp-content\/uploads\/2021\/04\/mes-plan-map-PSP-reouverture-1024x576.jpg\" class=\"elementor-animation-grow attachment-large size-large\" alt=\"\" decoding=\"async\" loading=\"lazy\" srcset=\"https:\/\/maelledemange.fr\/wp-content\/uploads\/2021\/04\/mes-plan-map-PSP-reouverture-1024x576.jpg 1024w, https:\/\/maelledemange.fr\/wp-content\/uploads\/2021\/04\/mes-plan-map-PSP-reouverture-300x169.jpg 300w, https:\/\/maelledemange.fr\/wp-content\/uploads\/2021\/04\/mes-plan-map-PSP-reouverture-768x432.jpg 768w, https:\/\/maelledemange.fr\/wp-content\/uploads\/2021\/04\/mes-plan-map-PSP-reouverture-1536x864.jpg 1536w, https:\/\/maelledemange.fr\/wp-content\/uploads\/2021\/04\/mes-plan-map-PSP-reouverture.jpg 1728w\" sizes=\"(max-width: 1024px) 100vw, 1024px\" \/>\t\t\t\t\t\t\t\t\t\t\t\t\t\t<\/div>\n\t\t\t\t\t\t<\/div>\n\t\t\t\t<\/div>\n\t\t\t\t<div class=\"elementor-element elementor-element-83a8ba3 elementor-widget elementor-widget-image\" data-id=\"83a8ba3\" data-element_type=\"widget\" data-widget_type=\"image.default\">\n\t\t\t\t<div class=\"elementor-widget-container\">\n\t\t\t\t\t\t\t\t<div class=\"elementor-image\">\n\t\t\t\t\t\t\t\t\t\t\t\t<img width=\"1000\" height=\"1000\" src=\"https:\/\/maelledemange.fr\/wp-content\/uploads\/2021\/04\/clickcollect-plan-.jpg\" class=\"elementor-animation-grow attachment-large size-large\" alt=\"\" decoding=\"async\" loading=\"lazy\" srcset=\"https:\/\/maelledemange.fr\/wp-content\/uploads\/2021\/04\/clickcollect-plan-.jpg 1000w, https:\/\/maelledemange.fr\/wp-content\/uploads\/2021\/04\/clickcollect-plan--300x300.jpg 300w, https:\/\/maelledemange.fr\/wp-content\/uploads\/2021\/04\/clickcollect-plan--150x150.jpg 150w, https:\/\/maelledemange.fr\/wp-content\/uploads\/2021\/04\/clickcollect-plan--768x768.jpg 768w\" sizes=\"(max-width: 1000px) 100vw, 1000px\" \/>\t\t\t\t\t\t\t\t\t\t\t\t\t\t<\/div>\n\t\t\t\t\t\t<\/div>\n\t\t\t\t<\/div>\n\t\t\t\t\t\t<\/div>\n\t\t\t\t\t<\/div>\n\t\t<\/div>\n\t\t\t\t\t\t\t\t<\/div>\n\t\t\t\t\t<\/div>\n\t\t<\/section>\n\t\t\t\t<section class=\"has_eae_slider elementor-section elementor-top-section elementor-element elementor-element-5cda4f1f elementor-section-boxed elementor-section-height-default elementor-section-height-default\" data-id=\"5cda4f1f\" data-element_type=\"section\">\n\t\t\t\t\t\t<div class=\"elementor-container elementor-column-gap-default\">\n\t\t\t\t\t\t\t<div class=\"elementor-row\">\n\t\t\t\t\t<div class=\"has_eae_slider elementor-column elementor-col-100 elementor-top-column elementor-element elementor-element-6652da5\" data-id=\"6652da5\" data-element_type=\"column\">\n\t\t\t<div class=\"elementor-column-wrap elementor-element-populated\">\n\t\t\t\t\t\t\t<div class=\"elementor-widget-wrap\">\n\t\t\t\t\t\t<div class=\"elementor-element elementor-element-bc7dc99 elementor-widget elementor-widget-image\" data-id=\"bc7dc99\" data-element_type=\"widget\" data-widget_type=\"image.default\">\n\t\t\t\t<div class=\"elementor-widget-container\">\n\t\t\t\t\t\t\t\t<div class=\"elementor-image\">\n\t\t\t\t\t\t\t\t\t\t\t\t<img width=\"1024\" height=\"724\" src=\"https:\/\/maelledemange.fr\/wp-content\/uploads\/2021\/04\/shop-conf-1024x724.jpg\" class=\"attachment-large size-large\" alt=\"\" decoding=\"async\" loading=\"lazy\" srcset=\"https:\/\/maelledemange.fr\/wp-content\/uploads\/2021\/04\/shop-conf-1024x724.jpg 1024w, https:\/\/maelledemange.fr\/wp-content\/uploads\/2021\/04\/shop-conf-300x212.jpg 300w, https:\/\/maelledemange.fr\/wp-content\/uploads\/2021\/04\/shop-conf-768x543.jpg 768w, https:\/\/maelledemange.fr\/wp-content\/uploads\/2021\/04\/shop-conf.jpg 1169w\" sizes=\"(max-width: 1024px) 100vw, 1024px\" \/>\t\t\t\t\t\t\t\t\t\t\t\t\t\t<\/div>\n\t\t\t\t\t\t<\/div>\n\t\t\t\t<\/div>\n\t\t\t\t\t\t<\/div>\n\t\t\t\t\t<\/div>\n\t\t<\/div>\n\t\t\t\t\t\t\t\t<\/div>\n\t\t\t\t\t<\/div>\n\t\t<\/section>\n\t\t\t\t<section class=\"has_eae_slider elementor-section elementor-top-section elementor-element elementor-element-2feafd47 elementor-section-boxed elementor-section-height-default elementor-section-height-default\" data-id=\"2feafd47\" data-element_type=\"section\">\n\t\t\t\t\t\t<div class=\"elementor-container elementor-column-gap-default\">\n\t\t\t\t\t\t\t<div class=\"elementor-row\">\n\t\t\t\t\t<div class=\"has_eae_slider elementor-column elementor-col-100 elementor-top-column elementor-element elementor-element-13f39b2f\" data-id=\"13f39b2f\" data-element_type=\"column\">\n\t\t\t<div class=\"elementor-column-wrap elementor-element-populated\">\n\t\t\t\t\t\t\t<div class=\"elementor-widget-wrap\">\n\t\t\t\t\t\t<div class=\"elementor-element elementor-element-42705aa6 elementor-align-center elementor-widget elementor-widget-button\" data-id=\"42705aa6\" data-element_type=\"widget\" data-widget_type=\"button.default\">\n\t\t\t\t<div class=\"elementor-widget-container\">\n\t\t\t\t\t<div class=\"elementor-button-wrapper\">\n\t\t\t<a href=\"http:\/\/maelledemange.fr\/?page_id=27\" class=\"elementor-button-link elementor-button elementor-size-sm\" role=\"button\">\n\t\t\t\t\t\t<span class=\"elementor-button-content-wrapper\">\n\t\t\t\t\t\t<span class=\"elementor-button-text\">Retour aux Projets<\/span>\n\t\t<\/span>\n\t\t\t\t\t<\/a>\n\t\t<\/div>\n\t\t\t\t<\/div>\n\t\t\t\t<\/div>\n\t\t\t\t\t\t<\/div>\n\t\t\t\t\t<\/div>\n\t\t<\/div>\n\t\t\t\t\t\t\t\t<\/div>\n\t\t\t\t\t<\/div>\n\t\t<\/section>\n\t\t\t\t\t\t<\/div>\n\t\t\t\t\t\t<\/div>\n\t\t\t\t\t<\/div>\n\t\t","protected":false},"excerpt":{"rendered":"<p>CAMPAGNE R\u00c9OUVERTURE Client : Centre Commercial\u00a0PARC ST PAUL\u200b #Notori\u00e9t\u00e9\u00a0#CampagnePublicitaire\u00a0#CommunicationR\u00e9seauxSociaux \u00a0#CommuniqueretRassurer\u00a0#Print #Digital Campagne multi-canal\u00a0pour la r\u00e9ouverture partielle\u00a0du centre commercial.\u00a0Proposition de tout une communication publicitaire et un package\u00a0de signal\u00e9tiques s\u00e9curisantes dans un contexte anxiog\u00e8ne o\u00f9 le client \u00e0 besoin de se sentir rassur\u00e9.\u00a0 Relai sur diff\u00e9rents supports digitaux : site internet, r\u00e9seaux sociaux, banni\u00e8res web&#8230; Retour aux [&hellip;]<\/p>\n","protected":false},"author":1,"featured_media":0,"parent":0,"menu_order":0,"comment_status":"closed","ping_status":"closed","template":"","meta":[],"_links":{"self":[{"href":"https:\/\/maelledemange.fr\/index.php?rest_route=\/wp\/v2\/pages\/287"}],"collection":[{"href":"https:\/\/maelledemange.fr\/index.php?rest_route=\/wp\/v2\/pages"}],"about":[{"href":"https:\/\/maelledemange.fr\/index.php?rest_route=\/wp\/v2\/types\/page"}],"author":[{"embeddable":true,"href":"https:\/\/maelledemange.fr\/index.php?rest_route=\/wp\/v2\/users\/1"}],"replies":[{"embeddable":true,"href":"https:\/\/maelledemange.fr\/index.php?rest_route=%2Fwp%2Fv2%2Fcomments&post=287"}],"version-history":[{"count":9,"href":"https:\/\/maelledemange.fr\/index.php?rest_route=\/wp\/v2\/pages\/287\/revisions"}],"predecessor-version":[{"id":593,"href":"https:\/\/maelledemange.fr\/index.php?rest_route=\/wp\/v2\/pages\/287\/revisions\/593"}],"wp:attachment":[{"href":"https:\/\/maelledemange.fr\/index.php?rest_route=%2Fwp%2Fv2%2Fmedia&parent=287"}],"curies":[{"name":"wp","href":"https:\/\/api.w.org\/{rel}","templated":true}]}}