{"id":317,"date":"2021-04-14T17:37:45","date_gmt":"2021-04-14T15:37:45","guid":{"rendered":"http:\/\/maelledemange.fr\/?page_id=317"},"modified":"2021-07-02T18:26:22","modified_gmt":"2021-07-02T16:26:22","slug":"elementor-317","status":"publish","type":"page","link":"https:\/\/maelledemange.fr\/?page_id=317","title":{"rendered":"DPAM"},"content":{"rendered":"\t\t<div data-elementor-type=\"wp-page\" data-elementor-id=\"317\" class=\"elementor elementor-317\" data-elementor-settings=\"[]\">\n\t\t\t\t\t\t<div class=\"elementor-inner\">\n\t\t\t\t\t\t\t<div class=\"elementor-section-wrap\">\n\t\t\t\t\t\t\t<section class=\"has_eae_slider elementor-section elementor-top-section elementor-element elementor-element-3ca9f0a9 elementor-section-content-middle elementor-reverse-mobile elementor-section-boxed elementor-section-height-default elementor-section-height-default\" data-id=\"3ca9f0a9\" data-element_type=\"section\">\n\t\t\t\t\t\t<div class=\"elementor-container elementor-column-gap-no\">\n\t\t\t\t\t\t\t<div class=\"elementor-row\">\n\t\t\t\t\t<div class=\"has_eae_slider elementor-column elementor-col-50 elementor-top-column elementor-element elementor-element-1f18ef8\" data-id=\"1f18ef8\" data-element_type=\"column\">\n\t\t\t<div class=\"elementor-column-wrap elementor-element-populated\">\n\t\t\t\t\t\t\t<div class=\"elementor-widget-wrap\">\n\t\t\t\t\t\t<div class=\"elementor-element elementor-element-23cf6018 elementor-widget elementor-widget-heading\" data-id=\"23cf6018\" data-element_type=\"widget\" data-widget_type=\"heading.default\">\n\t\t\t\t<div class=\"elementor-widget-container\">\n\t\t\t<h4 class=\"elementor-heading-title elementor-size-default\">CAMPAGNE \nOUVERTURE Magasin\nDu Pareil au M\u00eame\n<\/h4>\t\t<\/div>\n\t\t\t\t<\/div>\n\t\t\t\t<div class=\"elementor-element elementor-element-788e4be8 elementor-widget elementor-widget-text-editor\" data-id=\"788e4be8\" data-element_type=\"widget\" data-widget_type=\"text-editor.default\">\n\t\t\t\t<div class=\"elementor-widget-container\">\n\t\t\t\t\t\t\t\t<div class=\"elementor-text-editor elementor-clearfix\">\n\t\t\t\t\t<p><strong>Client : Enseigne Du Pareil au M\u00eame<\/strong><\/p><p><em>#Notori\u00e9t\u00e9\u00a0<\/em><em>#CampagnePublicitaire\u00a0<\/em><em>#Teasing #JeuConcours<\/em><\/p><p>Accompagnement et communication de la marque<span class=\"Apple-converted-space\">\u00a0<\/span>dans son installation au Parc st Paul.<span class=\"Apple-converted-space\">\u00a0<\/span>Cr\u00e9ation d\u2019une campagne print et digitale et planning de communication pour l\u2019ouverture du magasin du pareil<span class=\"Apple-converted-space\">\u00a0<\/span>au m\u00eame au parc st paul.\u00a0Cr\u00e9ation dans un premier temps d\u2019une campagne teasing, puis d\u2019une campagne d\u2019ouverture de notori\u00e9t\u00e9 et enfin<span class=\"Apple-converted-space\">\u00a0<\/span>d\u2019un jeu concours avec pour objectif de l\u2019embasement.<span class=\"Apple-converted-space\">\u00a0<\/span><\/p>\t\t\t\t\t<\/div>\n\t\t\t\t\t\t<\/div>\n\t\t\t\t<\/div>\n\t\t\t\t\t\t<\/div>\n\t\t\t\t\t<\/div>\n\t\t<\/div>\n\t\t\t\t<div class=\"has_eae_slider elementor-column elementor-col-50 elementor-top-column elementor-element elementor-element-55e8b2a\" data-id=\"55e8b2a\" data-element_type=\"column\">\n\t\t\t<div class=\"elementor-column-wrap elementor-element-populated\">\n\t\t\t\t\t\t\t<div class=\"elementor-widget-wrap\">\n\t\t\t\t\t\t<div class=\"elementor-element elementor-element-1ba7e593 elementor-widget elementor-widget-image\" data-id=\"1ba7e593\" data-element_type=\"widget\" data-widget_type=\"image.default\">\n\t\t\t\t<div class=\"elementor-widget-container\">\n\t\t\t\t\t\t\t\t<div class=\"elementor-image\">\n\t\t\t\t\t\t\t\t\t\t\t\t<img width=\"900\" height=\"906\" src=\"https:\/\/maelledemange.fr\/wp-content\/uploads\/2021\/04\/mockup-iphone.jpg\" class=\"attachment-full size-full\" alt=\"\" decoding=\"async\" loading=\"lazy\" srcset=\"https:\/\/maelledemange.fr\/wp-content\/uploads\/2021\/04\/mockup-iphone.jpg 900w, https:\/\/maelledemange.fr\/wp-content\/uploads\/2021\/04\/mockup-iphone-298x300.jpg 298w, https:\/\/maelledemange.fr\/wp-content\/uploads\/2021\/04\/mockup-iphone-150x150.jpg 150w, https:\/\/maelledemange.fr\/wp-content\/uploads\/2021\/04\/mockup-iphone-768x773.jpg 768w\" sizes=\"(max-width: 900px) 100vw, 900px\" \/>\t\t\t\t\t\t\t\t\t\t\t\t\t\t<\/div>\n\t\t\t\t\t\t<\/div>\n\t\t\t\t<\/div>\n\t\t\t\t\t\t<\/div>\n\t\t\t\t\t<\/div>\n\t\t<\/div>\n\t\t\t\t\t\t\t\t<\/div>\n\t\t\t\t\t<\/div>\n\t\t<\/section>\n\t\t\t\t<section class=\"has_eae_slider elementor-section elementor-top-section elementor-element elementor-element-6a4143b elementor-section-boxed elementor-section-height-default elementor-section-height-default\" data-id=\"6a4143b\" data-element_type=\"section\">\n\t\t\t\t\t\t<div class=\"elementor-container elementor-column-gap-default\">\n\t\t\t\t\t\t\t<div class=\"elementor-row\">\n\t\t\t\t\t<div class=\"has_eae_slider elementor-column elementor-col-100 elementor-top-column elementor-element elementor-element-8ca501a\" data-id=\"8ca501a\" data-element_type=\"column\">\n\t\t\t<div class=\"elementor-column-wrap elementor-element-populated\">\n\t\t\t\t\t\t\t<div class=\"elementor-widget-wrap\">\n\t\t\t\t\t\t<div class=\"elementor-element elementor-element-042757e elementor-widget elementor-widget-image\" data-id=\"042757e\" data-element_type=\"widget\" data-widget_type=\"image.default\">\n\t\t\t\t<div class=\"elementor-widget-container\">\n\t\t\t\t\t\t\t\t<div class=\"elementor-image\">\n\t\t\t\t\t\t\t\t\t\t\t\t<img width=\"1024\" height=\"569\" src=\"https:\/\/maelledemange.fr\/wp-content\/uploads\/2021\/04\/mes-campagne-DPAM-1024x569.jpg\" class=\"attachment-large size-large\" alt=\"\" decoding=\"async\" loading=\"lazy\" srcset=\"https:\/\/maelledemange.fr\/wp-content\/uploads\/2021\/04\/mes-campagne-DPAM-1024x569.jpg 1024w, https:\/\/maelledemange.fr\/wp-content\/uploads\/2021\/04\/mes-campagne-DPAM-300x167.jpg 300w, https:\/\/maelledemange.fr\/wp-content\/uploads\/2021\/04\/mes-campagne-DPAM-768x426.jpg 768w, https:\/\/maelledemange.fr\/wp-content\/uploads\/2021\/04\/mes-campagne-DPAM.jpg 1500w\" sizes=\"(max-width: 1024px) 100vw, 1024px\" \/>\t\t\t\t\t\t\t\t\t\t\t\t\t\t<\/div>\n\t\t\t\t\t\t<\/div>\n\t\t\t\t<\/div>\n\t\t\t\t\t\t<\/div>\n\t\t\t\t\t<\/div>\n\t\t<\/div>\n\t\t\t\t\t\t\t\t<\/div>\n\t\t\t\t\t<\/div>\n\t\t<\/section>\n\t\t\t\t<section class=\"has_eae_slider elementor-section elementor-top-section elementor-element elementor-element-6719aa3 elementor-section-boxed elementor-section-height-default elementor-section-height-default\" data-id=\"6719aa3\" data-element_type=\"section\">\n\t\t\t\t\t\t<div class=\"elementor-container elementor-column-gap-default\">\n\t\t\t\t\t\t\t<div class=\"elementor-row\">\n\t\t\t\t\t<div class=\"has_eae_slider elementor-column elementor-col-100 elementor-top-column elementor-element elementor-element-324a5e4\" data-id=\"324a5e4\" data-element_type=\"column\">\n\t\t\t<div class=\"elementor-column-wrap elementor-element-populated\">\n\t\t\t\t\t\t\t<div class=\"elementor-widget-wrap\">\n\t\t\t\t\t\t<div class=\"elementor-element elementor-element-bf0b31f elementor-widget elementor-widget-image\" data-id=\"bf0b31f\" data-element_type=\"widget\" data-widget_type=\"image.default\">\n\t\t\t\t<div class=\"elementor-widget-container\">\n\t\t\t\t\t\t\t\t<div class=\"elementor-image\">\n\t\t\t\t\t\t\t\t\t\t\t\t<img width=\"1024\" height=\"724\" src=\"https:\/\/maelledemange.fr\/wp-content\/uploads\/2021\/04\/BOOK-Maelle-Demange-2021-special-centre-commercial-1024x724.jpg\" class=\"attachment-large size-large\" alt=\"\" decoding=\"async\" loading=\"lazy\" srcset=\"https:\/\/maelledemange.fr\/wp-content\/uploads\/2021\/04\/BOOK-Maelle-Demange-2021-special-centre-commercial-1024x724.jpg 1024w, https:\/\/maelledemange.fr\/wp-content\/uploads\/2021\/04\/BOOK-Maelle-Demange-2021-special-centre-commercial-300x212.jpg 300w, https:\/\/maelledemange.fr\/wp-content\/uploads\/2021\/04\/BOOK-Maelle-Demange-2021-special-centre-commercial-768x543.jpg 768w, https:\/\/maelledemange.fr\/wp-content\/uploads\/2021\/04\/BOOK-Maelle-Demange-2021-special-centre-commercial.jpg 1169w\" sizes=\"(max-width: 1024px) 100vw, 1024px\" \/>\t\t\t\t\t\t\t\t\t\t\t\t\t\t<\/div>\n\t\t\t\t\t\t<\/div>\n\t\t\t\t<\/div>\n\t\t\t\t\t\t<\/div>\n\t\t\t\t\t<\/div>\n\t\t<\/div>\n\t\t\t\t\t\t\t\t<\/div>\n\t\t\t\t\t<\/div>\n\t\t<\/section>\n\t\t\t\t<section class=\"has_eae_slider elementor-section elementor-top-section elementor-element elementor-element-a54777b elementor-section-boxed elementor-section-height-default elementor-section-height-default\" data-id=\"a54777b\" data-element_type=\"section\">\n\t\t\t\t\t\t<div class=\"elementor-container elementor-column-gap-default\">\n\t\t\t\t\t\t\t<div class=\"elementor-row\">\n\t\t\t\t\t<div class=\"has_eae_slider elementor-column elementor-col-100 elementor-top-column elementor-element elementor-element-53c3e9d\" data-id=\"53c3e9d\" data-element_type=\"column\">\n\t\t\t<div class=\"elementor-column-wrap elementor-element-populated\">\n\t\t\t\t\t\t\t<div class=\"elementor-widget-wrap\">\n\t\t\t\t\t\t<div class=\"elementor-element elementor-element-442e36f elementor-widget elementor-widget-image\" data-id=\"442e36f\" data-element_type=\"widget\" data-widget_type=\"image.default\">\n\t\t\t\t<div class=\"elementor-widget-container\">\n\t\t\t\t\t\t\t\t<div class=\"elementor-image\">\n\t\t\t\t\t\t\t\t\t\t\t\t<img width=\"1024\" height=\"768\" src=\"https:\/\/maelledemange.fr\/wp-content\/uploads\/2021\/04\/Dpamphoto2-1024x768.jpg\" class=\"attachment-large size-large\" alt=\"\" decoding=\"async\" loading=\"lazy\" srcset=\"https:\/\/maelledemange.fr\/wp-content\/uploads\/2021\/04\/Dpamphoto2-1024x768.jpg 1024w, https:\/\/maelledemange.fr\/wp-content\/uploads\/2021\/04\/Dpamphoto2-300x225.jpg 300w, https:\/\/maelledemange.fr\/wp-content\/uploads\/2021\/04\/Dpamphoto2-768x576.jpg 768w, https:\/\/maelledemange.fr\/wp-content\/uploads\/2021\/04\/Dpamphoto2-1536x1152.jpg 1536w, https:\/\/maelledemange.fr\/wp-content\/uploads\/2021\/04\/Dpamphoto2.jpg 1600w\" sizes=\"(max-width: 1024px) 100vw, 1024px\" \/>\t\t\t\t\t\t\t\t\t\t\t\t\t\t<\/div>\n\t\t\t\t\t\t<\/div>\n\t\t\t\t<\/div>\n\t\t\t\t\t\t<\/div>\n\t\t\t\t\t<\/div>\n\t\t<\/div>\n\t\t\t\t\t\t\t\t<\/div>\n\t\t\t\t\t<\/div>\n\t\t<\/section>\n\t\t\t\t<section class=\"has_eae_slider elementor-section elementor-top-section elementor-element elementor-element-5a2d46f6 elementor-section-boxed elementor-section-height-default elementor-section-height-default\" data-id=\"5a2d46f6\" data-element_type=\"section\">\n\t\t\t\t\t\t<div class=\"elementor-container elementor-column-gap-default\">\n\t\t\t\t\t\t\t<div class=\"elementor-row\">\n\t\t\t\t\t<div class=\"has_eae_slider elementor-column elementor-col-100 elementor-top-column elementor-element elementor-element-e851133\" data-id=\"e851133\" data-element_type=\"column\">\n\t\t\t<div class=\"elementor-column-wrap elementor-element-populated\">\n\t\t\t\t\t\t\t<div class=\"elementor-widget-wrap\">\n\t\t\t\t\t\t<div class=\"elementor-element elementor-element-3bbfb518 elementor-align-center elementor-widget elementor-widget-button\" data-id=\"3bbfb518\" data-element_type=\"widget\" data-widget_type=\"button.default\">\n\t\t\t\t<div class=\"elementor-widget-container\">\n\t\t\t\t\t<div class=\"elementor-button-wrapper\">\n\t\t\t<a href=\"http:\/\/maelledemange.fr\/?page_id=27\" class=\"elementor-button-link elementor-button elementor-size-sm\" role=\"button\">\n\t\t\t\t\t\t<span class=\"elementor-button-content-wrapper\">\n\t\t\t\t\t\t<span class=\"elementor-button-text\">Retour aux Projets<\/span>\n\t\t<\/span>\n\t\t\t\t\t<\/a>\n\t\t<\/div>\n\t\t\t\t<\/div>\n\t\t\t\t<\/div>\n\t\t\t\t\t\t<\/div>\n\t\t\t\t\t<\/div>\n\t\t<\/div>\n\t\t\t\t\t\t\t\t<\/div>\n\t\t\t\t\t<\/div>\n\t\t<\/section>\n\t\t\t\t\t\t<\/div>\n\t\t\t\t\t\t<\/div>\n\t\t\t\t\t<\/div>\n\t\t","protected":false},"excerpt":{"rendered":"<p>CAMPAGNE OUVERTURE Magasin Du Pareil au M\u00eame Client : Enseigne Du Pareil au M\u00eame #Notori\u00e9t\u00e9\u00a0#CampagnePublicitaire\u00a0#Teasing #JeuConcours Accompagnement et communication de la marque\u00a0dans son installation au Parc st Paul.\u00a0Cr\u00e9ation d\u2019une campagne print et digitale et planning de communication pour l\u2019ouverture du magasin du pareil\u00a0au m\u00eame au parc st paul.\u00a0Cr\u00e9ation dans un premier temps d\u2019une campagne teasing, [&hellip;]<\/p>\n","protected":false},"author":1,"featured_media":0,"parent":0,"menu_order":0,"comment_status":"closed","ping_status":"closed","template":"","meta":[],"_links":{"self":[{"href":"https:\/\/maelledemange.fr\/index.php?rest_route=\/wp\/v2\/pages\/317"}],"collection":[{"href":"https:\/\/maelledemange.fr\/index.php?rest_route=\/wp\/v2\/pages"}],"about":[{"href":"https:\/\/maelledemange.fr\/index.php?rest_route=\/wp\/v2\/types\/page"}],"author":[{"embeddable":true,"href":"https:\/\/maelledemange.fr\/index.php?rest_route=\/wp\/v2\/users\/1"}],"replies":[{"embeddable":true,"href":"https:\/\/maelledemange.fr\/index.php?rest_route=%2Fwp%2Fv2%2Fcomments&post=317"}],"version-history":[{"count":7,"href":"https:\/\/maelledemange.fr\/index.php?rest_route=\/wp\/v2\/pages\/317\/revisions"}],"predecessor-version":[{"id":601,"href":"https:\/\/maelledemange.fr\/index.php?rest_route=\/wp\/v2\/pages\/317\/revisions\/601"}],"wp:attachment":[{"href":"https:\/\/maelledemange.fr\/index.php?rest_route=%2Fwp%2Fv2%2Fmedia&parent=317"}],"curies":[{"name":"wp","href":"https:\/\/api.w.org\/{rel}","templated":true}]}}