{"id":333,"date":"2021-04-14T18:18:07","date_gmt":"2021-04-14T16:18:07","guid":{"rendered":"http:\/\/maelledemange.fr\/?page_id=333"},"modified":"2021-07-02T18:18:46","modified_gmt":"2021-07-02T16:18:46","slug":"lagenda-inspire","status":"publish","type":"page","link":"https:\/\/maelledemange.fr\/?page_id=333","title":{"rendered":"L&rsquo;Agenda Inspir\u00e9"},"content":{"rendered":"\t\t<div data-elementor-type=\"wp-page\" data-elementor-id=\"333\" class=\"elementor elementor-333\" data-elementor-settings=\"[]\">\n\t\t\t\t\t\t<div class=\"elementor-inner\">\n\t\t\t\t\t\t\t<div class=\"elementor-section-wrap\">\n\t\t\t\t\t\t\t<section class=\"has_eae_slider elementor-section elementor-top-section elementor-element elementor-element-3b004dc2 elementor-section-content-middle elementor-reverse-mobile elementor-section-boxed elementor-section-height-default elementor-section-height-default\" data-id=\"3b004dc2\" data-element_type=\"section\">\n\t\t\t\t\t\t<div class=\"elementor-container elementor-column-gap-no\">\n\t\t\t\t\t\t\t<div class=\"elementor-row\">\n\t\t\t\t\t<div class=\"has_eae_slider elementor-column elementor-col-50 elementor-top-column elementor-element elementor-element-2754b193\" data-id=\"2754b193\" data-element_type=\"column\">\n\t\t\t<div class=\"elementor-column-wrap elementor-element-populated\">\n\t\t\t\t\t\t\t<div class=\"elementor-widget-wrap\">\n\t\t\t\t\t\t<div class=\"elementor-element elementor-element-4450f906 elementor-widget elementor-widget-heading\" data-id=\"4450f906\" data-element_type=\"widget\" data-widget_type=\"heading.default\">\n\t\t\t\t<div class=\"elementor-widget-container\">\n\t\t\t<h4 class=\"elementor-heading-title elementor-size-default\">L' Agenda Inspir\u00e9\n<\/h4>\t\t<\/div>\n\t\t\t\t<\/div>\n\t\t\t\t<div class=\"elementor-element elementor-element-1dc7fb72 elementor-widget elementor-widget-text-editor\" data-id=\"1dc7fb72\" data-element_type=\"widget\" data-widget_type=\"text-editor.default\">\n\t\t\t\t<div class=\"elementor-widget-container\">\n\t\t\t\t\t\t\t\t<div class=\"elementor-text-editor elementor-clearfix\">\n\t\t\t\t\t<p><strong>Client : Office du Tourisme d&rsquo;Hauterives<\/strong><\/p><p><em>Key visual &#8211; Campagne digitale &#8211; R\u00e9seaux sociaux &#8211; Site internet<\/em><\/p><p>Cr\u00e9ation des visuels concepts \u00e0 l&rsquo;ann\u00e9e pour l&rsquo;Agenda Inspir\u00e9 en fonction des activit\u00e9s du mois. Th\u00e9matiques explor\u00e9s :\u00a0<\/p><p><em>#Slowtourisme\u00a0#LocalFood #Artisanat #Territoire #Patrimoine #AgendaduMois<\/em><\/p>\t\t\t\t\t<\/div>\n\t\t\t\t\t\t<\/div>\n\t\t\t\t<\/div>\n\t\t\t\t\t\t<\/div>\n\t\t\t\t\t<\/div>\n\t\t<\/div>\n\t\t\t\t<div class=\"has_eae_slider elementor-column elementor-col-50 elementor-top-column elementor-element elementor-element-5ea76d2c\" data-id=\"5ea76d2c\" data-element_type=\"column\">\n\t\t\t<div class=\"elementor-column-wrap elementor-element-populated\">\n\t\t\t\t\t\t\t<div class=\"elementor-widget-wrap\">\n\t\t\t\t\t\t<div class=\"elementor-element elementor-element-4625d55c elementor-widget elementor-widget-image\" data-id=\"4625d55c\" data-element_type=\"widget\" data-widget_type=\"image.default\">\n\t\t\t\t<div class=\"elementor-widget-container\">\n\t\t\t\t\t\t\t\t<div class=\"elementor-image\">\n\t\t\t\t\t\t\t\t\t\t\t\t<img width=\"1000\" height=\"1000\" src=\"https:\/\/maelledemange.fr\/wp-content\/uploads\/2021\/04\/inspire-Oct-carre.jpg\" class=\"attachment-full size-full\" alt=\"\" decoding=\"async\" loading=\"lazy\" srcset=\"https:\/\/maelledemange.fr\/wp-content\/uploads\/2021\/04\/inspire-Oct-carre.jpg 1000w, https:\/\/maelledemange.fr\/wp-content\/uploads\/2021\/04\/inspire-Oct-carre-300x300.jpg 300w, https:\/\/maelledemange.fr\/wp-content\/uploads\/2021\/04\/inspire-Oct-carre-150x150.jpg 150w, https:\/\/maelledemange.fr\/wp-content\/uploads\/2021\/04\/inspire-Oct-carre-768x768.jpg 768w\" sizes=\"(max-width: 1000px) 100vw, 1000px\" \/>\t\t\t\t\t\t\t\t\t\t\t\t\t\t<\/div>\n\t\t\t\t\t\t<\/div>\n\t\t\t\t<\/div>\n\t\t\t\t\t\t<\/div>\n\t\t\t\t\t<\/div>\n\t\t<\/div>\n\t\t\t\t\t\t\t\t<\/div>\n\t\t\t\t\t<\/div>\n\t\t<\/section>\n\t\t\t\t<section class=\"has_eae_slider elementor-section elementor-top-section elementor-element elementor-element-95d3768 elementor-section-boxed elementor-section-height-default elementor-section-height-default\" data-id=\"95d3768\" data-element_type=\"section\">\n\t\t\t\t\t\t<div class=\"elementor-container elementor-column-gap-default\">\n\t\t\t\t\t\t\t<div class=\"elementor-row\">\n\t\t\t\t\t<div class=\"has_eae_slider elementor-column elementor-col-100 elementor-top-column elementor-element elementor-element-7997275\" data-id=\"7997275\" data-element_type=\"column\">\n\t\t\t<div class=\"elementor-column-wrap elementor-element-populated\">\n\t\t\t\t\t\t\t<div class=\"elementor-widget-wrap\">\n\t\t\t\t\t\t<div class=\"elementor-element elementor-element-a45ba1c elementor-widget elementor-widget-image\" data-id=\"a45ba1c\" data-element_type=\"widget\" data-widget_type=\"image.default\">\n\t\t\t\t<div class=\"elementor-widget-container\">\n\t\t\t\t\t\t\t\t<div class=\"elementor-image\">\n\t\t\t\t\t\t\t\t\t\t\t\t<img width=\"1024\" height=\"738\" src=\"https:\/\/maelledemange.fr\/wp-content\/uploads\/2021\/04\/Mes-OTH-agenda-1024x738.jpg\" class=\"attachment-large size-large\" alt=\"\" decoding=\"async\" loading=\"lazy\" srcset=\"https:\/\/maelledemange.fr\/wp-content\/uploads\/2021\/04\/Mes-OTH-agenda-1024x738.jpg 1024w, https:\/\/maelledemange.fr\/wp-content\/uploads\/2021\/04\/Mes-OTH-agenda-300x216.jpg 300w, https:\/\/maelledemange.fr\/wp-content\/uploads\/2021\/04\/Mes-OTH-agenda-768x554.jpg 768w, https:\/\/maelledemange.fr\/wp-content\/uploads\/2021\/04\/Mes-OTH-agenda-1536x1107.jpg 1536w, https:\/\/maelledemange.fr\/wp-content\/uploads\/2021\/04\/Mes-OTH-agenda.jpg 1880w\" sizes=\"(max-width: 1024px) 100vw, 1024px\" \/>\t\t\t\t\t\t\t\t\t\t\t\t\t\t<\/div>\n\t\t\t\t\t\t<\/div>\n\t\t\t\t<\/div>\n\t\t\t\t\t\t<\/div>\n\t\t\t\t\t<\/div>\n\t\t<\/div>\n\t\t\t\t\t\t\t\t<\/div>\n\t\t\t\t\t<\/div>\n\t\t<\/section>\n\t\t\t\t<section class=\"has_eae_slider elementor-section elementor-top-section elementor-element elementor-element-331a2817 elementor-section-content-middle elementor-section-boxed elementor-section-height-default elementor-section-height-default\" data-id=\"331a2817\" data-element_type=\"section\">\n\t\t\t\t\t\t<div class=\"elementor-container elementor-column-gap-no\">\n\t\t\t\t\t\t\t<div class=\"elementor-row\">\n\t\t\t\t\t<div class=\"has_eae_slider elementor-column elementor-col-33 elementor-top-column elementor-element elementor-element-445289b5\" data-id=\"445289b5\" data-element_type=\"column\">\n\t\t\t<div class=\"elementor-column-wrap elementor-element-populated\">\n\t\t\t\t\t\t\t<div class=\"elementor-widget-wrap\">\n\t\t\t\t\t\t<div class=\"elementor-element elementor-element-51be8507 elementor-widget elementor-widget-heading\" data-id=\"51be8507\" data-element_type=\"widget\" data-widget_type=\"heading.default\">\n\t\t\t\t<div class=\"elementor-widget-container\">\n\t\t\t<h3 class=\"elementor-heading-title elementor-size-default\">Grid Gallery Slide<\/h3>\t\t<\/div>\n\t\t\t\t<\/div>\n\t\t\t\t<div class=\"elementor-element elementor-element-69ae2e65 elementor-widget elementor-widget-image\" data-id=\"69ae2e65\" data-element_type=\"widget\" data-widget_type=\"image.default\">\n\t\t\t\t<div class=\"elementor-widget-container\">\n\t\t\t\t\t\t\t\t<div class=\"elementor-image\">\n\t\t\t\t\t\t\t\t\t\t\t\t<img width=\"1000\" height=\"1000\" src=\"https:\/\/maelledemange.fr\/wp-content\/uploads\/2021\/04\/07-agenda-inspire-juillet.jpg\" class=\"elementor-animation-grow attachment-large size-large\" alt=\"\" decoding=\"async\" loading=\"lazy\" srcset=\"https:\/\/maelledemange.fr\/wp-content\/uploads\/2021\/04\/07-agenda-inspire-juillet.jpg 1000w, https:\/\/maelledemange.fr\/wp-content\/uploads\/2021\/04\/07-agenda-inspire-juillet-300x300.jpg 300w, https:\/\/maelledemange.fr\/wp-content\/uploads\/2021\/04\/07-agenda-inspire-juillet-150x150.jpg 150w, https:\/\/maelledemange.fr\/wp-content\/uploads\/2021\/04\/07-agenda-inspire-juillet-768x768.jpg 768w\" sizes=\"(max-width: 1000px) 100vw, 1000px\" \/>\t\t\t\t\t\t\t\t\t\t\t\t\t\t<\/div>\n\t\t\t\t\t\t<\/div>\n\t\t\t\t<\/div>\n\t\t\t\t\t\t<\/div>\n\t\t\t\t\t<\/div>\n\t\t<\/div>\n\t\t\t\t<div class=\"has_eae_slider elementor-column elementor-col-33 elementor-top-column elementor-element elementor-element-2855e8d1\" data-id=\"2855e8d1\" data-element_type=\"column\">\n\t\t\t<div class=\"elementor-column-wrap elementor-element-populated\">\n\t\t\t\t\t\t\t<div class=\"elementor-widget-wrap\">\n\t\t\t\t\t\t<div class=\"elementor-element elementor-element-42571197 elementor-widget elementor-widget-image\" data-id=\"42571197\" data-element_type=\"widget\" data-widget_type=\"image.default\">\n\t\t\t\t<div class=\"elementor-widget-container\">\n\t\t\t\t\t\t\t\t<div class=\"elementor-image\">\n\t\t\t\t\t\t\t\t\t\t\t\t<img width=\"1000\" height=\"1000\" src=\"https:\/\/maelledemange.fr\/wp-content\/uploads\/2021\/04\/08-agenda-inspire-aout.jpg\" class=\"elementor-animation-grow attachment-large size-large\" alt=\"\" decoding=\"async\" loading=\"lazy\" srcset=\"https:\/\/maelledemange.fr\/wp-content\/uploads\/2021\/04\/08-agenda-inspire-aout.jpg 1000w, https:\/\/maelledemange.fr\/wp-content\/uploads\/2021\/04\/08-agenda-inspire-aout-300x300.jpg 300w, https:\/\/maelledemange.fr\/wp-content\/uploads\/2021\/04\/08-agenda-inspire-aout-150x150.jpg 150w, https:\/\/maelledemange.fr\/wp-content\/uploads\/2021\/04\/08-agenda-inspire-aout-768x768.jpg 768w\" sizes=\"(max-width: 1000px) 100vw, 1000px\" \/>\t\t\t\t\t\t\t\t\t\t\t\t\t\t<\/div>\n\t\t\t\t\t\t<\/div>\n\t\t\t\t<\/div>\n\t\t\t\t<div class=\"elementor-element elementor-element-1f60841b elementor-widget elementor-widget-text-editor\" data-id=\"1f60841b\" data-element_type=\"widget\" data-widget_type=\"text-editor.default\">\n\t\t\t\t<div class=\"elementor-widget-container\">\n\t\t\t\t\t\t\t\t<div class=\"elementor-text-editor elementor-clearfix\">\n\t\t\t\t\t\t\t\t\t\t<\/div>\n\t\t\t\t\t\t<\/div>\n\t\t\t\t<\/div>\n\t\t\t\t\t\t<\/div>\n\t\t\t\t\t<\/div>\n\t\t<\/div>\n\t\t\t\t<div class=\"has_eae_slider elementor-column elementor-col-33 elementor-top-column elementor-element elementor-element-790267cf\" data-id=\"790267cf\" data-element_type=\"column\">\n\t\t\t<div class=\"elementor-column-wrap elementor-element-populated\">\n\t\t\t\t\t\t\t<div class=\"elementor-widget-wrap\">\n\t\t\t\t\t\t<div class=\"elementor-element elementor-element-647d8f11 elementor-widget elementor-widget-image\" data-id=\"647d8f11\" data-element_type=\"widget\" data-widget_type=\"image.default\">\n\t\t\t\t<div class=\"elementor-widget-container\">\n\t\t\t\t\t\t\t\t<div class=\"elementor-image\">\n\t\t\t\t\t\t\t\t\t\t\t\t<img width=\"1000\" height=\"1000\" src=\"https:\/\/maelledemange.fr\/wp-content\/uploads\/2021\/04\/inspire-sept-alt.jpg\" class=\"elementor-animation-grow attachment-full size-full\" alt=\"\" decoding=\"async\" loading=\"lazy\" srcset=\"https:\/\/maelledemange.fr\/wp-content\/uploads\/2021\/04\/inspire-sept-alt.jpg 1000w, https:\/\/maelledemange.fr\/wp-content\/uploads\/2021\/04\/inspire-sept-alt-300x300.jpg 300w, https:\/\/maelledemange.fr\/wp-content\/uploads\/2021\/04\/inspire-sept-alt-150x150.jpg 150w, https:\/\/maelledemange.fr\/wp-content\/uploads\/2021\/04\/inspire-sept-alt-768x768.jpg 768w\" sizes=\"(max-width: 1000px) 100vw, 1000px\" \/>\t\t\t\t\t\t\t\t\t\t\t\t\t\t<\/div>\n\t\t\t\t\t\t<\/div>\n\t\t\t\t<\/div>\n\t\t\t\t\t\t<\/div>\n\t\t\t\t\t<\/div>\n\t\t<\/div>\n\t\t\t\t\t\t\t\t<\/div>\n\t\t\t\t\t<\/div>\n\t\t<\/section>\n\t\t\t\t<section class=\"has_eae_slider elementor-section elementor-top-section elementor-element elementor-element-635a0c74 elementor-section-boxed elementor-section-height-default elementor-section-height-default\" data-id=\"635a0c74\" data-element_type=\"section\">\n\t\t\t\t\t\t<div class=\"elementor-container elementor-column-gap-default\">\n\t\t\t\t\t\t\t<div class=\"elementor-row\">\n\t\t\t\t\t<div class=\"has_eae_slider elementor-column elementor-col-100 elementor-top-column elementor-element elementor-element-5fc5dac2\" data-id=\"5fc5dac2\" data-element_type=\"column\">\n\t\t\t<div class=\"elementor-column-wrap elementor-element-populated\">\n\t\t\t\t\t\t\t<div class=\"elementor-widget-wrap\">\n\t\t\t\t\t\t<div class=\"elementor-element elementor-element-7d4eb372 elementor-align-center elementor-widget elementor-widget-button\" data-id=\"7d4eb372\" data-element_type=\"widget\" data-widget_type=\"button.default\">\n\t\t\t\t<div class=\"elementor-widget-container\">\n\t\t\t\t\t<div class=\"elementor-button-wrapper\">\n\t\t\t<a href=\"http:\/\/maelledemange.fr\/?page_id=27\" class=\"elementor-button-link elementor-button elementor-size-sm\" role=\"button\">\n\t\t\t\t\t\t<span class=\"elementor-button-content-wrapper\">\n\t\t\t\t\t\t<span class=\"elementor-button-text\">Retour aux Projets<\/span>\n\t\t<\/span>\n\t\t\t\t\t<\/a>\n\t\t<\/div>\n\t\t\t\t<\/div>\n\t\t\t\t<\/div>\n\t\t\t\t\t\t<\/div>\n\t\t\t\t\t<\/div>\n\t\t<\/div>\n\t\t\t\t\t\t\t\t<\/div>\n\t\t\t\t\t<\/div>\n\t\t<\/section>\n\t\t\t\t\t\t<\/div>\n\t\t\t\t\t\t<\/div>\n\t\t\t\t\t<\/div>\n\t\t","protected":false},"excerpt":{"rendered":"<p>L&rsquo; Agenda Inspir\u00e9 Client : Office du Tourisme d&rsquo;Hauterives Key visual &#8211; Campagne digitale &#8211; R\u00e9seaux sociaux &#8211; Site internet Cr\u00e9ation des visuels concepts \u00e0 l&rsquo;ann\u00e9e pour l&rsquo;Agenda Inspir\u00e9 en fonction des activit\u00e9s du mois. Th\u00e9matiques explor\u00e9s :\u00a0 #Slowtourisme\u00a0#LocalFood #Artisanat #Territoire #Patrimoine #AgendaduMois Grid Gallery Slide Retour aux Projets<\/p>\n","protected":false},"author":1,"featured_media":0,"parent":0,"menu_order":0,"comment_status":"closed","ping_status":"closed","template":"","meta":[],"_links":{"self":[{"href":"https:\/\/maelledemange.fr\/index.php?rest_route=\/wp\/v2\/pages\/333"}],"collection":[{"href":"https:\/\/maelledemange.fr\/index.php?rest_route=\/wp\/v2\/pages"}],"about":[{"href":"https:\/\/maelledemange.fr\/index.php?rest_route=\/wp\/v2\/types\/page"}],"author":[{"embeddable":true,"href":"https:\/\/maelledemange.fr\/index.php?rest_route=\/wp\/v2\/users\/1"}],"replies":[{"embeddable":true,"href":"https:\/\/maelledemange.fr\/index.php?rest_route=%2Fwp%2Fv2%2Fcomments&post=333"}],"version-history":[{"count":8,"href":"https:\/\/maelledemange.fr\/index.php?rest_route=\/wp\/v2\/pages\/333\/revisions"}],"predecessor-version":[{"id":573,"href":"https:\/\/maelledemange.fr\/index.php?rest_route=\/wp\/v2\/pages\/333\/revisions\/573"}],"wp:attachment":[{"href":"https:\/\/maelledemange.fr\/index.php?rest_route=%2Fwp%2Fv2%2Fmedia&parent=333"}],"curies":[{"name":"wp","href":"https:\/\/api.w.org\/{rel}","templated":true}]}}