{"id":620,"date":"2022-12-14T19:29:55","date_gmt":"2022-12-14T18:29:55","guid":{"rendered":"http:\/\/maelledemange.fr\/?page_id=620"},"modified":"2025-03-16T17:02:47","modified_gmt":"2025-03-16T16:02:47","slug":"yoga","status":"publish","type":"page","link":"https:\/\/maelledemange.fr\/?page_id=620","title":{"rendered":"Yoga"},"content":{"rendered":"\t\t<div data-elementor-type=\"wp-page\" data-elementor-id=\"620\" class=\"elementor elementor-620\" data-elementor-settings=\"[]\">\n\t\t\t\t\t\t<div class=\"elementor-inner\">\n\t\t\t\t\t\t\t<div class=\"elementor-section-wrap\">\n\t\t\t\t\t\t\t<section class=\"has_eae_slider elementor-section elementor-top-section elementor-element elementor-element-c1fe155 elementor-section-height-min-height elementor-section-full_width elementor-section-stretched elementor-section-height-default elementor-section-items-middle\" data-id=\"c1fe155\" data-element_type=\"section\" data-settings=\"{&quot;background_background&quot;:&quot;classic&quot;,&quot;stretch_section&quot;:&quot;section-stretched&quot;}\">\n\t\t\t\t\t\t\t<div class=\"elementor-background-overlay\"><\/div>\n\t\t\t\t\t\t\t<div class=\"elementor-container elementor-column-gap-default\">\n\t\t\t\t\t\t\t<div class=\"elementor-row\">\n\t\t\t\t\t<div class=\"has_eae_slider elementor-column elementor-col-100 elementor-top-column elementor-element elementor-element-7fd6edc\" data-id=\"7fd6edc\" data-element_type=\"column\">\n\t\t\t<div class=\"elementor-column-wrap elementor-element-populated\">\n\t\t\t\t\t\t\t<div class=\"elementor-widget-wrap\">\n\t\t\t\t\t\t<div class=\"elementor-element elementor-element-1cebcb7 elementor-widget elementor-widget-heading\" data-id=\"1cebcb7\" data-element_type=\"widget\" data-widget_type=\"heading.default\">\n\t\t\t\t<div class=\"elementor-widget-container\">\n\t\t\t<h3 class=\"elementor-heading-title elementor-size-default\">Mon approche<\/h3>\t\t<\/div>\n\t\t\t\t<\/div>\n\t\t\t\t<div class=\"elementor-element elementor-element-7c596a7 elementor-align-center elementor-tablet-align-center elementor-widget__width-initial elementor-absolute elementor-icon-list--layout-traditional elementor-list-item-link-full_width elementor-widget elementor-widget-icon-list\" data-id=\"7c596a7\" data-element_type=\"widget\" data-settings=\"{&quot;_position&quot;:&quot;absolute&quot;}\" data-widget_type=\"icon-list.default\">\n\t\t\t\t<div class=\"elementor-widget-container\">\n\t\t\t\t\t<ul class=\"elementor-icon-list-items\">\n\t\t\t\t\t\t\t<li class=\"elementor-icon-list-item\">\n\t\t\t\t\t<a href=\"https:\/\/www.linkedin.com\/in\/maelle-demange\/\">\t\t\t\t\t\t<span class=\"elementor-icon-list-icon\">\n\t\t\t\t\t\t\t<i aria-hidden=\"true\" class=\"fab fa-linkedin-in\"><\/i>\t\t\t\t\t\t<\/span>\n\t\t\t\t\t\t\t\t\t\t<span class=\"elementor-icon-list-text\"><\/span>\n\t\t\t\t\t\t\t\t\t\t\t<\/a>\n\t\t\t\t\t\t\t\t\t<\/li>\n\t\t\t\t\t\t\t\t<li class=\"elementor-icon-list-item\">\n\t\t\t\t\t<a href=\"https:\/\/www.pinterest.fr\/myawa\">\t\t\t\t\t\t<span class=\"elementor-icon-list-icon\">\n\t\t\t\t\t\t\t<i aria-hidden=\"true\" class=\"fab fa-pinterest-p\"><\/i>\t\t\t\t\t\t<\/span>\n\t\t\t\t\t\t\t\t\t\t<span class=\"elementor-icon-list-text\"><\/span>\n\t\t\t\t\t\t\t\t\t\t\t<\/a>\n\t\t\t\t\t\t\t\t\t<\/li>\n\t\t\t\t\t\t\t\t<li class=\"elementor-icon-list-item\">\n\t\t\t\t\t<a href=\"http:\/\/maelledemange.fr\/?page_id=29\">\t\t\t\t\t\t<span class=\"elementor-icon-list-icon\">\n\t\t\t\t\t\t\t<i aria-hidden=\"true\" class=\"fas fa-envelope\"><\/i>\t\t\t\t\t\t<\/span>\n\t\t\t\t\t\t\t\t\t\t<span class=\"elementor-icon-list-text\"><\/span>\n\t\t\t\t\t\t\t\t\t\t\t<\/a>\n\t\t\t\t\t\t\t\t\t<\/li>\n\t\t\t\t\t\t<\/ul>\n\t\t\t\t<\/div>\n\t\t\t\t<\/div>\n\t\t\t\t<section class=\"has_eae_slider elementor-section elementor-inner-section elementor-element elementor-element-813bd84 elementor-section-boxed elementor-section-height-default elementor-section-height-default\" data-id=\"813bd84\" data-element_type=\"section\">\n\t\t\t\t\t\t<div class=\"elementor-container elementor-column-gap-default\">\n\t\t\t\t\t\t\t<div class=\"elementor-row\">\n\t\t\t\t\t<div class=\"has_eae_slider elementor-column elementor-col-50 elementor-inner-column elementor-element elementor-element-194f595\" data-id=\"194f595\" data-element_type=\"column\">\n\t\t\t<div class=\"elementor-column-wrap elementor-element-populated\">\n\t\t\t\t\t\t\t<div class=\"elementor-widget-wrap\">\n\t\t\t\t\t\t<div class=\"elementor-element elementor-element-684e4c5 elementor-widget elementor-widget-text-editor\" data-id=\"684e4c5\" data-element_type=\"widget\" data-widget_type=\"text-editor.default\">\n\t\t\t\t<div class=\"elementor-widget-container\">\n\t\t\t\t\t\t\t\t<div class=\"elementor-text-editor elementor-clearfix\">\n\t\t\t\t\t<h2><span data-olk-copy-source=\"MessageBody\"><b>Je suis Ma\u00eblle, professeure de Hatha et Vinyasa Yoga, anim\u00e9e par l&rsquo;envie de transmettre le bien-\u00eatre\u00a0<br \/><\/b><\/span><b style=\"font-size: 20px;\">par le mouvement, la respiration et l\u2019exploration <br \/>de la relaxation.<\/b><\/h2>\t\t\t\t\t<\/div>\n\t\t\t\t\t\t<\/div>\n\t\t\t\t<\/div>\n\t\t\t\t<div class=\"elementor-element elementor-element-6e6debb elementor-widget elementor-widget-text-editor\" data-id=\"6e6debb\" data-element_type=\"widget\" data-widget_type=\"text-editor.default\">\n\t\t\t\t<div class=\"elementor-widget-container\">\n\t\t\t\t\t\t\t\t<div class=\"elementor-text-editor elementor-clearfix\">\n\t\t\t\t\t<h2><span style=\"font-size: 14px; color: #ffffff;\">J\u2019accompagne mes \u00e9l\u00e8ves dans une pratique ancr\u00e9e et \u00e9volutive. Inspir\u00e9e des saisons, j\u2019aime construire mes cours en cycles, pour permettre \u00e0 chacun d\u2019explorer une th\u00e9matique en profondeur, de d\u00e9couvrir des variations, d\u2019\u00e9voluer \u00e0 son rythme et de ressentir pleinement les bienfaits du yoga, au-del\u00e0 du tapis.<\/span><\/h2>\n<p style=\"margin: 0px;\">Ma vision du yoga repose sur la reconnexion \u00e0 soi, l&rsquo;\u00e9coute de son corps, de ses sensations, de ses intentions.<\/p>\n<p style=\"margin: 0px;\"><br><\/p>\n<p style=\"margin: 0px;\">\u00c0 travers mes s\u00e9ances, je propose un espace de reconnexion, d\u2019ancrage et de d\u00e9couverte, o\u00f9 le souffle guide le mouvement et o\u00f9 la pratique devient un moment d&rsquo;exploration et d&rsquo;introspection. Que vous soyez d\u00e9butant ou pratiquant plus avanc\u00e9, mon approche vous invite \u00e0 trouver votre \u00e9quilibre entre force et douceur, stabilit\u00e9 et l\u00e9g\u00e8ret\u00e9.<\/p>\n<p style=\"margin: 0px;\"><br><\/p>\t\t\t\t\t<\/div>\n\t\t\t\t\t\t<\/div>\n\t\t\t\t<\/div>\n\t\t\t\t\t\t<\/div>\n\t\t\t\t\t<\/div>\n\t\t<\/div>\n\t\t\t\t<div class=\"has_eae_slider elementor-column elementor-col-50 elementor-inner-column elementor-element elementor-element-edabd33\" data-id=\"edabd33\" data-element_type=\"column\">\n\t\t\t<div class=\"elementor-column-wrap elementor-element-populated\">\n\t\t\t\t\t\t\t<div class=\"elementor-widget-wrap\">\n\t\t\t\t\t\t<div class=\"elementor-element elementor-element-a815a7c elementor-widget elementor-widget-image\" data-id=\"a815a7c\" data-element_type=\"widget\" data-widget_type=\"image.default\">\n\t\t\t\t<div class=\"elementor-widget-container\">\n\t\t\t\t\t\t\t\t<div class=\"elementor-image\">\n\t\t\t\t\t\t\t\t\t\t\t\t<img width=\"1000\" height=\"1000\" src=\"https:\/\/maelledemange.fr\/wp-content\/uploads\/2022\/12\/illustration-yoga.png\" class=\"attachment-large size-large\" alt=\"\" decoding=\"async\" loading=\"lazy\" srcset=\"https:\/\/maelledemange.fr\/wp-content\/uploads\/2022\/12\/illustration-yoga.png 1000w, https:\/\/maelledemange.fr\/wp-content\/uploads\/2022\/12\/illustration-yoga-300x300.png 300w, https:\/\/maelledemange.fr\/wp-content\/uploads\/2022\/12\/illustration-yoga-150x150.png 150w, https:\/\/maelledemange.fr\/wp-content\/uploads\/2022\/12\/illustration-yoga-768x768.png 768w\" sizes=\"(max-width: 1000px) 100vw, 1000px\" \/>\t\t\t\t\t\t\t\t\t\t\t\t\t\t<\/div>\n\t\t\t\t\t\t<\/div>\n\t\t\t\t<\/div>\n\t\t\t\t\t\t<\/div>\n\t\t\t\t\t<\/div>\n\t\t<\/div>\n\t\t\t\t\t\t\t\t<\/div>\n\t\t\t\t\t<\/div>\n\t\t<\/section>\n\t\t\t\t<div class=\"elementor-element elementor-element-217db17 elementor-widget elementor-widget-text-editor\" data-id=\"217db17\" data-element_type=\"widget\" data-widget_type=\"text-editor.default\">\n\t\t\t\t<div class=\"elementor-widget-container\">\n\t\t\t\t\t\t\t\t<div class=\"elementor-text-editor elementor-clearfix\">\n\t\t\t\t\t<h2><span style=\"font-size: 14px; color: rgb(255, 255, 255);\">Le yoga a\u00e9rien, le yin yoga, l\u2019ayurv\u00e9da, la m\u00e9ditation, la CNV, les techniques de respiration et de relaxation ainsi que l&rsquo;alimentation sont des domaines qui m&rsquo;int\u00e9ressent et dans lesquels j&rsquo;aime partager ce que j&rsquo;ai appris. L&rsquo;ensemble de ces<\/span><span style=\"color: rgb(255, 255, 255); font-size: 14px;\">&nbsp;pratiques de bien-\u00eatre<\/span><span style=\"color: rgb(255, 255, 255); font-size: 14px;\">&nbsp;<\/span><span style=\"color: rgb(255, 255, 255); font-size: 14px;\">composent un tout qui nourrit le corps et l\u2019esprit. J&rsquo;accorde une place particuli\u00e8re aux relaxations profondes, invitant ainsi au voyage int\u00e9rieur et \u00e0 une immersion totale dans l&rsquo;instant pr\u00e9sent.<\/span><\/h2>\t\t\t\t\t<\/div>\n\t\t\t\t\t\t<\/div>\n\t\t\t\t<\/div>\n\t\t\t\t<div class=\"elementor-element elementor-element-d4f5104 elementor-align-center elementor-widget elementor-widget-button\" data-id=\"d4f5104\" data-element_type=\"widget\" data-widget_type=\"button.default\">\n\t\t\t\t<div class=\"elementor-widget-container\">\n\t\t\t\t\t<div class=\"elementor-button-wrapper\">\n\t\t\t<a href=\"https:\/\/maelledemange.fr\/?page_id=29\" class=\"elementor-button-link elementor-button elementor-size-sm\" role=\"button\">\n\t\t\t\t\t\t<span class=\"elementor-button-content-wrapper\">\n\t\t\t\t\t\t<span class=\"elementor-button-text\">Demande d'information : Cliquez-ici pour me contacter<\/span>\n\t\t<\/span>\n\t\t\t\t\t<\/a>\n\t\t<\/div>\n\t\t\t\t<\/div>\n\t\t\t\t<\/div>\n\t\t\t\t<div class=\"elementor-element elementor-element-9cef375 elementor-widget elementor-widget-heading\" data-id=\"9cef375\" data-element_type=\"widget\" data-widget_type=\"heading.default\">\n\t\t\t\t<div class=\"elementor-widget-container\">\n\t\t\t<h6 class=\"elementor-heading-title elementor-size-small\">\u00e0 Bient\u00f4t \ud83d\ude42<\/h6>\t\t<\/div>\n\t\t\t\t<\/div>\n\t\t\t\t<div class=\"elementor-element elementor-element-e03d05b elementor-widget elementor-widget-image\" data-id=\"e03d05b\" data-element_type=\"widget\" data-widget_type=\"image.default\">\n\t\t\t\t<div class=\"elementor-widget-container\">\n\t\t\t\t\t\t\t\t<div class=\"elementor-image\">\n\t\t\t\t\t\t\t\t\t\t\t\t<img width=\"115\" height=\"115\" src=\"https:\/\/maelledemange.fr\/wp-content\/uploads\/2019\/10\/LOGO-MD-moyenmwhite.png\" class=\"attachment-large size-large\" alt=\"\" decoding=\"async\" loading=\"lazy\" \/>\t\t\t\t\t\t\t\t\t\t\t\t\t\t<\/div>\n\t\t\t\t\t\t<\/div>\n\t\t\t\t<\/div>\n\t\t\t\t\t\t<\/div>\n\t\t\t\t\t<\/div>\n\t\t<\/div>\n\t\t\t\t\t\t\t\t<\/div>\n\t\t\t\t\t<\/div>\n\t\t<\/section>\n\t\t\t\t\t\t<\/div>\n\t\t\t\t\t\t<\/div>\n\t\t\t\t\t<\/div>\n\t\t","protected":false},"excerpt":{"rendered":"<p>Mon approche Je suis Ma\u00eblle, professeure de Hatha et Vinyasa Yoga, anim\u00e9e par l&rsquo;envie de transmettre le bien-\u00eatre\u00a0par le mouvement, la respiration et l\u2019exploration de la relaxation. J\u2019accompagne mes \u00e9l\u00e8ves dans une pratique ancr\u00e9e et \u00e9volutive. Inspir\u00e9e des saisons, j\u2019aime construire mes cours en cycles, pour permettre \u00e0 chacun d\u2019explorer une th\u00e9matique en profondeur, de [&hellip;]<\/p>\n","protected":false},"author":1,"featured_media":0,"parent":0,"menu_order":0,"comment_status":"closed","ping_status":"closed","template":"","meta":[],"_links":{"self":[{"href":"https:\/\/maelledemange.fr\/index.php?rest_route=\/wp\/v2\/pages\/620"}],"collection":[{"href":"https:\/\/maelledemange.fr\/index.php?rest_route=\/wp\/v2\/pages"}],"about":[{"href":"https:\/\/maelledemange.fr\/index.php?rest_route=\/wp\/v2\/types\/page"}],"author":[{"embeddable":true,"href":"https:\/\/maelledemange.fr\/index.php?rest_route=\/wp\/v2\/users\/1"}],"replies":[{"embeddable":true,"href":"https:\/\/maelledemange.fr\/index.php?rest_route=%2Fwp%2Fv2%2Fcomments&post=620"}],"version-history":[{"count":22,"href":"https:\/\/maelledemange.fr\/index.php?rest_route=\/wp\/v2\/pages\/620\/revisions"}],"predecessor-version":[{"id":678,"href":"https:\/\/maelledemange.fr\/index.php?rest_route=\/wp\/v2\/pages\/620\/revisions\/678"}],"wp:attachment":[{"href":"https:\/\/maelledemange.fr\/index.php?rest_route=%2Fwp%2Fv2%2Fmedia&parent=620"}],"curies":[{"name":"wp","href":"https:\/\/api.w.org\/{rel}","templated":true}]}}